{"id":2831,"date":"2023-06-19T16:45:43","date_gmt":"2023-06-19T14:45:43","guid":{"rendered":"https:\/\/usedom-amj.de\/?page_id=2831"},"modified":"2025-05-22T14:59:18","modified_gmt":"2025-05-22T12:59:18","slug":"atelierleiterinnen-2","status":"publish","type":"page","link":"https:\/\/usedom-amj.de\/en\/festival\/atelierleiterinnen-2\/","title":{"rendered":"Atelier Conductors"},"content":{"rendered":"\t\t<div data-elementor-type=\"wp-page\" data-elementor-id=\"2831\" class=\"elementor elementor-2831\">\n\t\t\t\t\t\t\t\t\t<section class=\"elementor-section elementor-top-section elementor-element elementor-element-1e7d09a9 elementor-section-boxed elementor-section-height-default elementor-section-height-default\" data-id=\"1e7d09a9\" data-element_type=\"section\">\n\t\t\t\t\t\t<div class=\"elementor-container elementor-column-gap-default\">\n\t\t\t\t\t<div class=\"elementor-column elementor-col-100 elementor-top-column elementor-element elementor-element-77b3d5ff\" data-id=\"77b3d5ff\" data-element_type=\"column\">\n\t\t\t<div class=\"elementor-widget-wrap elementor-element-populated\">\n\t\t\t\t\t\t\t\t<div class=\"elementor-element elementor-element-3230da33 elementor-widget__width-initial elementor-widget elementor-widget-ucaddon_post_list_chk\" data-id=\"3230da33\" data-element_type=\"widget\" data-widget_type=\"ucaddon_post_list_chk.default\">\n\t\t\t\t<div class=\"elementor-widget-container\">\n\t\t\t<!-- start Post List CHK -->\n\t\t<link id='font-awesome-ue-css' href='https:\/\/usedom-amj.de\/wp-content\/plugins\/unlimited-elements-for-elementor\/assets_libraries\/font-awesome5\/css\/fontawesome-all.min.css' type='text\/css' rel='stylesheet' >\n\t\t<link id='font-awesome-4-shim-css' href='https:\/\/usedom-amj.de\/wp-content\/plugins\/unlimited-elements-for-elementor\/assets_libraries\/font-awesome5\/css\/fontawesome-v4-shims.css' type='text\/css' rel='stylesheet' >\n\n\t\t\t<style type=\"text\/css\">\/* widget: Post List CHK *\/\n\n\n\n#uc_post_list_chk_elementor_3230da33\n{\n  display:grid;\n}\n\n\n#uc_post_list_chk_elementor_3230da33 .uc_post_list_image div\n{\n  background-size:cover;\n  background-position:center;\n}\n\n\n.uc_post_list .uc_post_list_box{\n\tposition: relative;\n\toverflow: hidden;\n\tdisplay: flex;\n}\n\n#uc_post_list_chk_elementor_3230da33 .uc_post_list_image\n{\n  flex-grow:0;\n  flex-shrink:0;\n}\n\n#uc_post_list_chk_elementor_3230da33 .uc_post_list_image img\n{\n  width:100%;\n  display:block;\n  transition:0.3s;\n  \n}\n\n\n.uc_post_list_title a{\n\tcolor: #333333;\n}\n.uc_post_list_date{\n\tfont-size: 12px;\n}\n\n#uc_post_list_chk_elementor_3230da33 .uc_post_list_content\n{\n  display:flex;\n  flex-direction:column;\n  flex:1;\n}\n\n#uc_post_list_chk_elementor_3230da33 .uc_more_btn{\n\n  text-align:center;\n  text-decoration:none;\n  transition:0.3s;\n}\n\n#uc_post_list_chk_elementor_3230da33 .button-on-side\n{\n  display:flex;\n  align-items:center;\n}\n\n\n.ue-grid-item-category a\n{\n  display:inline-block;\n  font-size:10px;\n  text-transform:uppercase;\n}\n\n#uc_post_list_chk_elementor_3230da33 .ue-meta-data\n{\n  \n  display:flex;\n\n  flex-wrap: wrap;\n  line-height:1em;\n}\n\n#uc_post_list_chk_elementor_3230da33 .ue-grid-item-meta-data\n{\n      display:inline-flex;\n      align-items:center;\n}\n\n.ue-grid-item-meta-data\n{\n  font-size:12px;\n}\n\n#uc_post_list_chk_elementor_3230da33 .ue-grid-item-meta-data-icon\n{\n  line-height:1em;\n}\n\n#uc_post_list_chk_elementor_3230da33 .ue-grid-item-meta-data-icon svg\n{\n  width:1em;\n  height:1em;\n}\n\n\n\n#uc_post_list_chk_elementor_3230da33 .ue-debug-meta\n{\n  padding:10px;\n  border:1px solid red;\n  position:relative;\n  line-height:1.5em;\n  font-size:11px;\n  width:100%;\n}\n\n.uc-remote-parent .uc_post_list_box{\n\tcursor:pointer;\n}\n\n#uc_post_list_chk_elementor_3230da33 .ue-post-link-overlay\n{\n  display:block;\n  position:absolute;\n  top:0;\n  bottom:0;\n  right:0;\n  left:0;\n}\n\n<\/style>\n\n\t\t\t<div class=\"uc_post_list uc-items-wrapper \" id=\"uc_post_list_chk_elementor_3230da33\"  >    \t\n  <div class=\"uc_post_list_box\">\n    \n  \t    <div class=\"uc_post_list_image\">\n      <a href=\"https:\/\/usedom-amj.de\/en\/atelierleiter\/basilio-astulez\/\" title=\"Basilio Astulez\" target=\"_self\">\n          \n            <img decoding=\"async\" loading=\"lazy\" src=\"https:\/\/usedom-amj.de\/wp-content\/uploads\/2025\/06\/Foto-3-Basilio-Astulez-scaled-e1748945319406-771x1024.jpg\"  src=\"https:\/\/usedom-amj.de\/wp-content\/uploads\/2025\/06\/Foto-3-Basilio-Astulez-scaled-e1748945319406-771x1024.jpg\" alt=\"Foto 3 Basilio Astulez\" width=\"771\" height=\"1024\">\n        \t\n        \n      <\/a>\n    <\/div>\n  \t\t\n  \n    <div class=\"uc_post_list_content\">\n      <div class=\"uc_post_list_content_inside\">\n        \n                  \n                      \t \n          \t\t            \t\n          \t\t<div class=\"ue-grid-item-meta-data\">  Atelier Girls Choir<\/div>\n                          \n         <div class=\"uc_post_list_title\"><a target=\"_self\" href=\"https:\/\/usedom-amj.de\/en\/atelierleiter\/basilio-astulez\/\" title=\"Basilio Astulez\">Basilio Astulez<\/a><\/div>\t\n         \n        <div class=\"ue-meta-data\">\n                                               \n            \n          \n                        \n            \n                        \t          \n          \t\t          \n            \t<div class=\"ue-grid-item-meta-data\">  Spain<\/div>\n            \n                      \n            \n              \n          <\/div>         \n                \n                 \n                 \n      <\/div>\n    <\/div>\n     \n       \n  \n   <\/div>\n<div class=\"uc_post_list_box\">\n    \n  \t    <div class=\"uc_post_list_image\">\n      <a href=\"https:\/\/usedom-amj.de\/en\/atelierleiter\/agnes-schnabl\/\" title=\"Agnes Schnabl\" target=\"_self\">\n          \n            <img decoding=\"async\" loading=\"lazy\" src=\"https:\/\/usedom-amj.de\/wp-content\/uploads\/2025\/05\/Foto-Agnes-Schnabl-e1747916176969-937x1024.jpg\"  src=\"https:\/\/usedom-amj.de\/wp-content\/uploads\/2025\/05\/Foto-Agnes-Schnabl-e1747916176969-937x1024.jpg\" alt=\"Foto Agnes Schnabl\" width=\"937\" height=\"1024\">\n        \t\n        \n      <\/a>\n    <\/div>\n  \t\t\n  \n    <div class=\"uc_post_list_content\">\n      <div class=\"uc_post_list_content_inside\">\n        \n                  \n                      \t \n          \t\t            \t\n          \t\t<div class=\"ue-grid-item-meta-data\">  Atelier Mixed Youth Choir<\/div>\n                          \n         <div class=\"uc_post_list_title\"><a target=\"_self\" href=\"https:\/\/usedom-amj.de\/en\/atelierleiter\/agnes-schnabl\/\" title=\"Agnes Schnabl\">Agnes Schnabl<\/a><\/div>\t\n         \n        <div class=\"ue-meta-data\">\n                                               \n            \n          \n                        \n            \n                        \t          \n          \t\t          \n            \t<div class=\"ue-grid-item-meta-data\">  Austria<\/div>\n            \n                      \n            \n              \n          <\/div>         \n                \n                 \n                 \n      <\/div>\n    <\/div>\n     \n       \n  \n   <\/div>\n<div class=\"uc_post_list_box\">\n    \n  \t    <div class=\"uc_post_list_image\">\n      <a href=\"https:\/\/usedom-amj.de\/en\/atelierleiter\/basak-dogan\/\" title=\"Ba\u015fak Do\u011fan\" target=\"_self\">\n          \n            <img decoding=\"async\" loading=\"lazy\" src=\"https:\/\/usedom-amj.de\/wp-content\/uploads\/2025\/05\/Foto-Basak-Dogan-819x1024.jpg\"  src=\"https:\/\/usedom-amj.de\/wp-content\/uploads\/2025\/05\/Foto-Basak-Dogan-819x1024.jpg\" alt=\"Foto Basak Dogan\" width=\"819\" height=\"1024\">\n        \t\n        \n      <\/a>\n    <\/div>\n  \t\t\n  \n    <div class=\"uc_post_list_content\">\n      <div class=\"uc_post_list_content_inside\">\n        \n                  \n                      \t \n          \t\t            \t\n          \t\t<div class=\"ue-grid-item-meta-data\">  Atelier Mixed Youth Choir<\/div>\n                          \n         <div class=\"uc_post_list_title\"><a target=\"_self\" href=\"https:\/\/usedom-amj.de\/en\/atelierleiter\/basak-dogan\/\" title=\"Ba\u015fak Do\u011fan\">Ba\u015fak Do\u011fan<\/a><\/div>\t\n         \n        <div class=\"ue-meta-data\">\n                                               \n            \n          \n                        \n            \n                        \t          \n          \t\t          \n            \t<div class=\"ue-grid-item-meta-data\">  Turkey<\/div>\n            \n                      \n            \n              \n          <\/div>         \n                \n                 \n                 \n      <\/div>\n    <\/div>\n     \n       \n  \n   <\/div>\n\n<\/div>\n\n\n\t\t\t<!-- end Post List CHK -->\t\t<\/div>\n\t\t\t\t<\/div>\n\t\t\t\t\t<\/div>\n\t\t<\/div>\n\t\t\t\t\t\t\t<\/div>\n\t\t<\/section>\n\t\t\t\t\t\t\t<\/div>\n\t\t","protected":false},"excerpt":{"rendered":"<p>Atelier M\u00e4dchenchor Basilio Astulez Spanien Atelier Gemischter Jugendchor Agnes Schnabl \u00d6sterreich Atelier Gemischter Jugendchor Ba\u015fak Do\u011fan T\u00fcrkei<\/p>\n","protected":false},"author":1,"featured_media":0,"parent":84,"menu_order":0,"comment_status":"closed","ping_status":"closed","template":"","meta":[],"acf":[],"_links":{"self":[{"href":"https:\/\/usedom-amj.de\/en\/wp-json\/wp\/v2\/pages\/2831"}],"collection":[{"href":"https:\/\/usedom-amj.de\/en\/wp-json\/wp\/v2\/pages"}],"about":[{"href":"https:\/\/usedom-amj.de\/en\/wp-json\/wp\/v2\/types\/page"}],"author":[{"embeddable":true,"href":"https:\/\/usedom-amj.de\/en\/wp-json\/wp\/v2\/users\/1"}],"replies":[{"embeddable":true,"href":"https:\/\/usedom-amj.de\/en\/wp-json\/wp\/v2\/comments?post=2831"}],"version-history":[{"count":11,"href":"https:\/\/usedom-amj.de\/en\/wp-json\/wp\/v2\/pages\/2831\/revisions"}],"predecessor-version":[{"id":3414,"href":"https:\/\/usedom-amj.de\/en\/wp-json\/wp\/v2\/pages\/2831\/revisions\/3414"}],"up":[{"embeddable":true,"href":"https:\/\/usedom-amj.de\/en\/wp-json\/wp\/v2\/pages\/84"}],"wp:attachment":[{"href":"https:\/\/usedom-amj.de\/en\/wp-json\/wp\/v2\/media?parent=2831"}],"curies":[{"name":"wp","href":"https:\/\/api.w.org\/{rel}","templated":true}]}}