{"id":311,"date":"2017-08-15T08:16:13","date_gmt":"2017-08-15T06:16:13","guid":{"rendered":"https:\/\/www.usedom.amj-musik.de\/?page_id=311"},"modified":"2026-04-07T15:52:49","modified_gmt":"2026-04-07T13:52:49","slug":"foerderer","status":"publish","type":"page","link":"https:\/\/usedom-amj.de\/en\/foerderer\/","title":{"rendered":"Sponsors \/ Press"},"content":{"rendered":"<div id=\"pl-311\"  class=\"panel-layout\" ><div id=\"pg-311-0\"  class=\"panel-grid panel-has-style\" ><div style=\"padding: 0px 0; \" data-overlay=\"true\" data-overlay-color=\"#000000\" class=\"panel-row-style panel-row-style-for-311-0\" ><div id=\"pgc-311-0-0\"  class=\"panel-grid-cell panel-grid-cell-mobile-last\" ><div id=\"panel-311-0-0-0\" class=\"so-panel widget widget_sow-image panel-first-child panel-last-child\" data-index=\"0\" ><div style=\"text-align: left;\" data-title-color=\"#443f3f\" data-headings-color=\"#443f3f\" class=\"panel-widget-style panel-widget-style-for-311-0-0-0\" ><div\n\t\t\t\n\t\t\tclass=\"so-widget-sow-image so-widget-sow-image-default-8b5b6f678277-311\"\n\t\t\t\n\t\t>\n\n<div class=\"sow-image-container\">\n\t\t\t<a href=\"https:\/\/www.bmbfsfj.bund.de\/\"\n\t\t\ttarget=\"_blank\" rel=\"noopener noreferrer\" \t\t>\n\t\t\t<img src=\"https:\/\/usedom-amj.de\/wp-content\/uploads\/2025\/11\/250526_KJP_Foerderlogo_CMYK.jpg\" width=\"1739\" height=\"563\" srcset=\"https:\/\/usedom-amj.de\/wp-content\/uploads\/2025\/11\/250526_KJP_Foerderlogo_CMYK.jpg 1739w, https:\/\/usedom-amj.de\/wp-content\/uploads\/2025\/11\/250526_KJP_Foerderlogo_CMYK-300x97.jpg 300w, https:\/\/usedom-amj.de\/wp-content\/uploads\/2025\/11\/250526_KJP_Foerderlogo_CMYK-1024x332.jpg 1024w, https:\/\/usedom-amj.de\/wp-content\/uploads\/2025\/11\/250526_KJP_Foerderlogo_CMYK-768x249.jpg 768w, https:\/\/usedom-amj.de\/wp-content\/uploads\/2025\/11\/250526_KJP_Foerderlogo_CMYK-1536x497.jpg 1536w, https:\/\/usedom-amj.de\/wp-content\/uploads\/2025\/11\/250526_KJP_Foerderlogo_CMYK-1000x324.jpg 1000w, https:\/\/usedom-amj.de\/wp-content\/uploads\/2025\/11\/250526_KJP_Foerderlogo_CMYK-230x74.jpg 230w, https:\/\/usedom-amj.de\/wp-content\/uploads\/2025\/11\/250526_KJP_Foerderlogo_CMYK-350x113.jpg 350w, https:\/\/usedom-amj.de\/wp-content\/uploads\/2025\/11\/250526_KJP_Foerderlogo_CMYK-480x155.jpg 480w\" sizes=\"(max-width: 1739px) 100vw, 1739px\" alt=\"Bundesministerium f\u00fcr Bildung, Familie, Senioren, Frauen und Jugend\" loading=\"lazy\" \t\tclass=\"so-widget-image\"\/>\n\t<\/a><\/div>\n\n<\/div><\/div><\/div><\/div><div id=\"pgc-311-0-1\"  class=\"panel-grid-cell panel-grid-cell-empty\" ><\/div><\/div><\/div><div id=\"pg-311-1\"  class=\"panel-grid panel-has-style\" ><div style=\"padding: 100px 0; \" data-overlay=\"true\" data-overlay-color=\"#000000\" class=\"panel-row-style panel-row-style-for-311-1\" ><div id=\"pgc-311-1-0\"  class=\"panel-grid-cell\" ><div id=\"panel-311-1-0-0\" class=\"so-panel widget widget_text panel-first-child\" data-index=\"1\" ><div style=\"text-align: left;\" data-title-color=\"#443f3f\" data-headings-color=\"#443f3f\" class=\"panel-widget-style panel-widget-style-for-311-1-0-0\" >\t\t\t<div class=\"textwidget\"><p><span style=\"font-size: 16px; margin-top: 1em;\">Gef\u00f6rdert durch das Bundesministerium f\u00fcr Bildung, Familie, Senioren, Frauen und Jugend (BMBFSFJ)<\/span><\/p>\n<\/div>\n\t\t<\/div><\/div><div id=\"panel-311-1-0-1\" class=\"so-panel widget widget_sow-image\" data-index=\"2\" ><div style=\"text-align: left;\" data-title-color=\"#443f3f\" data-headings-color=\"#443f3f\" class=\"panel-widget-style panel-widget-style-for-311-1-0-1\" ><div\n\t\t\t\n\t\t\tclass=\"so-widget-sow-image so-widget-sow-image-default-8b5b6f678277-311\"\n\t\t\t\n\t\t>\n\n<div class=\"sow-image-container\">\n\t\t<img src=\"https:\/\/usedom-amj.de\/wp-content\/uploads\/2026\/04\/260407-Vorp_Fond_Foerderlogo_Vollfarbig_2024.jpg\" width=\"590\" height=\"215\" srcset=\"https:\/\/usedom-amj.de\/wp-content\/uploads\/2026\/04\/260407-Vorp_Fond_Foerderlogo_Vollfarbig_2024.jpg 590w, https:\/\/usedom-amj.de\/wp-content\/uploads\/2026\/04\/260407-Vorp_Fond_Foerderlogo_Vollfarbig_2024-300x109.jpg 300w, https:\/\/usedom-amj.de\/wp-content\/uploads\/2026\/04\/260407-Vorp_Fond_Foerderlogo_Vollfarbig_2024-230x84.jpg 230w, https:\/\/usedom-amj.de\/wp-content\/uploads\/2026\/04\/260407-Vorp_Fond_Foerderlogo_Vollfarbig_2024-350x128.jpg 350w, https:\/\/usedom-amj.de\/wp-content\/uploads\/2026\/04\/260407-Vorp_Fond_Foerderlogo_Vollfarbig_2024-480x175.jpg 480w\" sizes=\"(max-width: 590px) 100vw, 590px\" title=\"06_Vorp_Fond_Foerderlogo_Vollfarbig_2024\" alt=\"\" loading=\"lazy\" \t\tclass=\"so-widget-image\"\/>\n\t<\/div>\n\n<\/div><\/div><\/div><div id=\"panel-311-1-0-2\" class=\"so-panel widget widget_text\" data-index=\"3\" ><div style=\"text-align: left;\" data-title-color=\"#443f3f\" data-headings-color=\"#443f3f\" class=\"panel-widget-style panel-widget-style-for-311-1-0-2\" >\t\t\t<div class=\"textwidget\"><p><span style=\"font-size: 16px; margin-top: 1em;\">Gef\u00f6rdert durch den Fonds Vorpommern und \u00f6stliches Mecklenburg<\/span><\/p>\n<\/div>\n\t\t<\/div><\/div><div id=\"panel-311-1-0-3\" class=\"so-panel widget widget_text\" data-index=\"4\" ><div style=\"text-align: left;\" data-title-color=\"#443f3f\" data-headings-color=\"#443f3f\" class=\"panel-widget-style panel-widget-style-for-311-1-0-3\" >\t\t\t<div class=\"textwidget\"><p><strong>Presse:<\/strong><\/p>\n<p><a href=\"https:\/\/usedom-amj.de\/wp-content\/uploads\/2025\/06\/digitaler_AMJ_Flyer_YCCM-usedom-2025_web.pdf\" target=\"_blank\" rel=\"noopener\">Flyer Usedom 2026<\/a><\/p>\n<\/div>\n\t\t<\/div><\/div><div id=\"panel-311-1-0-4\" class=\"so-panel widget widget_text panel-last-child\" data-index=\"5\" ><div style=\"text-align: left;\" data-title-color=\"#443f3f\" data-headings-color=\"#443f3f\" class=\"panel-widget-style panel-widget-style-for-311-1-0-4\" >\t\t\t<div class=\"textwidget\"><p><strong>Pressekontakt:<\/strong><\/p>\n<p>Lysann Weber<br \/>\nProjektreferat International (Di-Do)<br \/>\nE-Mail: lysann.weber@amj-musik.de<br \/>\nTel: +49 176 5604 81 56<\/p>\n<\/div>\n\t\t<\/div><\/div><\/div><\/div><\/div><\/div>","protected":false},"excerpt":{"rendered":"<p>Gef\u00f6rdert durch das Bundesministerium f\u00fcr Bildung, Familie, Senioren, Frauen und Jugend (BMBFSFJ) Gef\u00f6rdert durch den Fonds Vorpommern und \u00f6stliches Mecklenburg Presse: Flyer [&hellip;]<\/p>\n","protected":false},"author":1,"featured_media":0,"parent":0,"menu_order":0,"comment_status":"closed","ping_status":"closed","template":"","meta":[],"acf":[],"_links":{"self":[{"href":"https:\/\/usedom-amj.de\/en\/wp-json\/wp\/v2\/pages\/311"}],"collection":[{"href":"https:\/\/usedom-amj.de\/en\/wp-json\/wp\/v2\/pages"}],"about":[{"href":"https:\/\/usedom-amj.de\/en\/wp-json\/wp\/v2\/types\/page"}],"author":[{"embeddable":true,"href":"https:\/\/usedom-amj.de\/en\/wp-json\/wp\/v2\/users\/1"}],"replies":[{"embeddable":true,"href":"https:\/\/usedom-amj.de\/en\/wp-json\/wp\/v2\/comments?post=311"}],"version-history":[{"count":70,"href":"https:\/\/usedom-amj.de\/en\/wp-json\/wp\/v2\/pages\/311\/revisions"}],"predecessor-version":[{"id":3857,"href":"https:\/\/usedom-amj.de\/en\/wp-json\/wp\/v2\/pages\/311\/revisions\/3857"}],"wp:attachment":[{"href":"https:\/\/usedom-amj.de\/en\/wp-json\/wp\/v2\/media?parent=311"}],"curies":[{"name":"wp","href":"https:\/\/api.w.org\/{rel}","templated":true}]}}